{"id":289,"date":"2021-02-09T16:20:43","date_gmt":"2021-02-09T16:20:43","guid":{"rendered":"https:\/\/melro.net\/mk\/?page_id=289"},"modified":"2021-02-10T16:52:49","modified_gmt":"2021-02-10T16:52:49","slug":"sobre","status":"publish","type":"page","link":"https:\/\/monsieurkomodo.com\/en\/sobre\/","title":{"rendered":"About"},"content":{"rendered":"<p><strong>Rui Guerra<\/strong><\/p>\n\n\n\n<p>Graduated in Design at Universidade de Aveiro and Drawing at university of Lisbon, has work as a graphic designer and illustrator in national and international projects. In 2009 created the publishing and illustration project <em>Monsieur Komodo<\/em>.<\/p>\n\n\n\n<p><h2>Contactos<\/h2><\/p>\n\n\n\n<p>info@monsieurkomodo.com<\/p>","protected":false},"excerpt":{"rendered":"<p>Rui Guerra Licenciado em Design pela Universidade de Aveiro, e mestre em Desenho pela Faculdade de Belas artes da Universidade de Lisboa, tem trabalhado como designer de comunica\u00e7\u00e3o e ilustrador em projectos nacionais e internacionais. Criou, em 2009, o projecto de ilustra\u00e7\u00e3o e edi\u00e7\u00e3o Monsieur Komodo. Contactos info@monsieurkomodo.com<\/p>","protected":false},"author":1,"featured_media":0,"parent":0,"menu_order":0,"comment_status":"closed","ping_status":"closed","template":"template-fullwidth.php","meta":{"footnotes":""},"class_list":["post-289","page","type-page","status-publish","hentry"],"_links":{"self":[{"href":"https:\/\/monsieurkomodo.com\/en\/wp-json\/wp\/v2\/pages\/289","targetHints":{"allow":["GET"]}}],"collection":[{"href":"https:\/\/monsieurkomodo.com\/en\/wp-json\/wp\/v2\/pages"}],"about":[{"href":"https:\/\/monsieurkomodo.com\/en\/wp-json\/wp\/v2\/types\/page"}],"author":[{"embeddable":true,"href":"https:\/\/monsieurkomodo.com\/en\/wp-json\/wp\/v2\/users\/1"}],"replies":[{"embeddable":true,"href":"https:\/\/monsieurkomodo.com\/en\/wp-json\/wp\/v2\/comments?post=289"}],"version-history":[{"count":7,"href":"https:\/\/monsieurkomodo.com\/en\/wp-json\/wp\/v2\/pages\/289\/revisions"}],"predecessor-version":[{"id":384,"href":"https:\/\/monsieurkomodo.com\/en\/wp-json\/wp\/v2\/pages\/289\/revisions\/384"}],"wp:attachment":[{"href":"https:\/\/monsieurkomodo.com\/en\/wp-json\/wp\/v2\/media?parent=289"}],"curies":[{"name":"wp","href":"https:\/\/api.w.org\/{rel}","templated":true}]}}