{"id":10,"date":"2021-02-03T15:20:49","date_gmt":"2021-02-03T15:20:49","guid":{"rendered":"https:\/\/melro.net\/Mk\/?post_type=product&#038;p=10"},"modified":"2021-02-09T11:27:00","modified_gmt":"2021-02-09T11:27:00","slug":"lista-negra","status":"publish","type":"product","link":"https:\/\/monsieurkomodo.com\/en\/product\/lista-negra\/","title":{"rendered":"Black List"},"content":{"rendered":"<p>The extinction of an animal is part of the complex evolutionary process of life, with one\nspecies disappearing every 100 to 300 years. However, the past 500 years have seen the\nextinction of over 80 mammalian species. This new rhythm is directly linked to human\nactivity, which has long impoverished our planet. Some of the species represented here\nwere known for such a short period of time that they vanished without even leaving a\ntrace. Others, like the dodo, have remained in our lives as a symbol of our capacity for\nannihilation, while some others may have never existed.<\/p>","protected":false},"excerpt":{"rendered":"<p>A extin\u00e7\u00e3o de um animal faz parte do complexo processo evolutivo da vida, com uma esp\u00e9cie a desaparecer a cada intervalo de 100 a 300 anos. No entanto, nos \u00faltimos 500 anos est\u00e3o confirmadas as extin\u00e7\u00f5es de mais de 80 esp\u00e9cies de mam\u00edferos. Este novo ritmo est\u00e1 directamente ligado \u00e0 actividade humana, que h\u00e1 muito [&hellip;]<\/p>","protected":false},"featured_media":11,"template":"","meta":[],"product_cat":[16],"product_tag":[],"class_list":["post-10","product","type-product","status-publish","has-post-thumbnail","hentry","product_cat-livros"],"_links":{"self":[{"href":"https:\/\/monsieurkomodo.com\/en\/wp-json\/wp\/v2\/product\/10","targetHints":{"allow":["GET"]}}],"collection":[{"href":"https:\/\/monsieurkomodo.com\/en\/wp-json\/wp\/v2\/product"}],"about":[{"href":"https:\/\/monsieurkomodo.com\/en\/wp-json\/wp\/v2\/types\/product"}],"wp:featuredmedia":[{"embeddable":true,"href":"https:\/\/monsieurkomodo.com\/en\/wp-json\/wp\/v2\/media\/11"}],"wp:attachment":[{"href":"https:\/\/monsieurkomodo.com\/en\/wp-json\/wp\/v2\/media?parent=10"}],"wp:term":[{"taxonomy":"product_cat","embeddable":true,"href":"https:\/\/monsieurkomodo.com\/en\/wp-json\/wp\/v2\/product_cat?post=10"},{"taxonomy":"product_tag","embeddable":true,"href":"https:\/\/monsieurkomodo.com\/en\/wp-json\/wp\/v2\/product_tag?post=10"}],"curies":[{"name":"wp","href":"https:\/\/api.w.org\/{rel}","templated":true}]}}