{"id":174,"date":"2021-02-08T15:53:27","date_gmt":"2021-02-08T15:53:27","guid":{"rendered":"https:\/\/melro.net\/mk\/?post_type=product&#038;p=174"},"modified":"2021-02-09T11:22:07","modified_gmt":"2021-02-09T11:22:07","slug":"seven-layers-of-solitude","status":"publish","type":"product","link":"https:\/\/monsieurkomodo.com\/en\/product\/seven-layers-of-solitude\/","title":{"rendered":"Seven Layers of Solitude"},"content":{"rendered":"<p>English Edition<\/p>\n<p>Guerra\u2019s enigmatic illustrations of otherworlds and the opaque lyricism of Lillian\u2019s words journey together to envelop the imaginative faculties, lulling and stirring the reader with their incantations and cryptic concoctions. Would it perhaps be more appropriate to liken their collaboration to a mysterious potion \u2013 one brewed from a rare composition of ingredients, which they stir in turn in a menacingly-sized cauldron? Whatever the case, tread directly through the doors of the impossible building and proceed courageously along the hallways, and absorb the mystifying curiosities that find you along the way.<\/p>","protected":false},"excerpt":{"rendered":"<p>Edi\u00e7\u00e3o em ingl\u00eas. As enigm\u00e1ticas ilustra\u00e7\u00f5es de outros mundos de Rui Guerra e o lirismo opaco das palavras de Olaf Lillian unem-se numa viagem envolvente pela imagina\u00e7\u00e3o, hipnotizando o leitor com os seus encantamentos e fus\u00f5es cr\u00edpticas. Talvez seja mais apropriado comparar a sua colabora\u00e7\u00e3o a uma po\u00e7\u00e3o misteriosa, cozinhada com uma rara mistura de [&hellip;]<\/p>","protected":false},"featured_media":175,"template":"","meta":[],"product_cat":[16],"product_tag":[],"class_list":["post-174","product","type-product","status-publish","has-post-thumbnail","hentry","product_cat-livros"],"_links":{"self":[{"href":"https:\/\/monsieurkomodo.com\/en\/wp-json\/wp\/v2\/product\/174","targetHints":{"allow":["GET"]}}],"collection":[{"href":"https:\/\/monsieurkomodo.com\/en\/wp-json\/wp\/v2\/product"}],"about":[{"href":"https:\/\/monsieurkomodo.com\/en\/wp-json\/wp\/v2\/types\/product"}],"wp:featuredmedia":[{"embeddable":true,"href":"https:\/\/monsieurkomodo.com\/en\/wp-json\/wp\/v2\/media\/175"}],"wp:attachment":[{"href":"https:\/\/monsieurkomodo.com\/en\/wp-json\/wp\/v2\/media?parent=174"}],"wp:term":[{"taxonomy":"product_cat","embeddable":true,"href":"https:\/\/monsieurkomodo.com\/en\/wp-json\/wp\/v2\/product_cat?post=174"},{"taxonomy":"product_tag","embeddable":true,"href":"https:\/\/monsieurkomodo.com\/en\/wp-json\/wp\/v2\/product_tag?post=174"}],"curies":[{"name":"wp","href":"https:\/\/api.w.org\/{rel}","templated":true}]}}