{"id":184,"date":"2021-02-08T16:12:58","date_gmt":"2021-02-08T16:12:58","guid":{"rendered":"https:\/\/melro.net\/mk\/?post_type=product&#038;p=184"},"modified":"2021-02-09T15:24:51","modified_gmt":"2021-02-09T15:24:51","slug":"shades-of-birds","status":"publish","type":"product","link":"https:\/\/monsieurkomodo.com\/en\/product\/shades-of-birds\/","title":{"rendered":"Shades of Birds"},"content":{"rendered":"<p>An illustration book, based on a personal selection of 40 bird species from different continents and ecosystems.<\/p>","protected":false},"excerpt":{"rendered":"<p>Shades of Birds \u00e9 um livro de ilustra\u00e7\u00e3o, que assenta numa selec\u00e7\u00e3o pessoal de 40 esp\u00e9cies de aves pertencentes a diferentes continentes e ecossistemas &#8211; um \u00e1lbum que se folheia em forma de homenagem \u00e0s aves que est\u00e3o presentes no nosso dia-a-dia, sobretudo nos meios urbanos. Por vezes podemos nem reparar nelas e h\u00e1 aquelas [&hellip;]<\/p>","protected":false},"featured_media":285,"template":"","meta":[],"product_cat":[16],"product_tag":[],"class_list":["post-184","product","type-product","status-publish","has-post-thumbnail","hentry","product_cat-livros"],"_links":{"self":[{"href":"https:\/\/monsieurkomodo.com\/en\/wp-json\/wp\/v2\/product\/184","targetHints":{"allow":["GET"]}}],"collection":[{"href":"https:\/\/monsieurkomodo.com\/en\/wp-json\/wp\/v2\/product"}],"about":[{"href":"https:\/\/monsieurkomodo.com\/en\/wp-json\/wp\/v2\/types\/product"}],"wp:featuredmedia":[{"embeddable":true,"href":"https:\/\/monsieurkomodo.com\/en\/wp-json\/wp\/v2\/media\/285"}],"wp:attachment":[{"href":"https:\/\/monsieurkomodo.com\/en\/wp-json\/wp\/v2\/media?parent=184"}],"wp:term":[{"taxonomy":"product_cat","embeddable":true,"href":"https:\/\/monsieurkomodo.com\/en\/wp-json\/wp\/v2\/product_cat?post=184"},{"taxonomy":"product_tag","embeddable":true,"href":"https:\/\/monsieurkomodo.com\/en\/wp-json\/wp\/v2\/product_tag?post=184"}],"curies":[{"name":"wp","href":"https:\/\/api.w.org\/{rel}","templated":true}]}}